{"id":5822,"date":"2026-05-04T12:31:15","date_gmt":"2026-05-04T18:31:15","guid":{"rendered":"https:\/\/tepeaca.gob.mx\/site\/?page_id=5822"},"modified":"2026-05-04T12:33:29","modified_gmt":"2026-05-04T18:33:29","slug":"cultura","status":"publish","type":"page","link":"https:\/\/tepeaca.gob.mx\/site\/cultura\/","title":{"rendered":"CULTURA"},"content":{"rendered":"<style type=\"text\/css\">\n#foogallery-gallery-5769 .fg-image { width: 220px; }<\/style>\n\t\t\t<div class=\"foogallery foogallery-container foogallery-carousel foogallery-lightbox-none fg-carousel fg-ready fg-light fg-border-medium fg-round-small fg-shadow-medium fg-loading-default fg-loaded-fade-in\" id=\"foogallery-gallery-5769\" data-foogallery=\"{&quot;item&quot;:{&quot;showCaptionTitle&quot;:false,&quot;showCaptionDescription&quot;:false},&quot;lazy&quot;:true,&quot;template&quot;:{&quot;maxItems&quot;:5,&quot;scale&quot;:0.11999999999999999555910790149937383830547332763671875,&quot;gutter&quot;:{&quot;min&quot;:-40,&quot;max&quot;:-20,&quot;unit&quot;:&quot;%&quot;},&quot;autoplay&quot;:{&quot;time&quot;:5,&quot;interaction&quot;:&quot;pause&quot;},&quot;centerOnClick&quot;:true,&quot;align&quot;:&quot;center&quot;,&quot;activePosition&quot;:&quot;center&quot;}}\" style=\"--fg-title-line-clamp: 1; --fg-description-line-clamp: 2;\" >\n\t<button type=\"button\" class=\"fg-carousel-prev\" title=\"Anterior\"><\/button>\n\t<div class=\"fg-carousel-inner\">\n\t\t<div class=\"fg-carousel-center\"><\/div>\n\t\t<br \/>\n<b>Warning<\/b>:  Undefined property: FooGalleryAttachment::$post_excerpt in <b>\/home\/tepeacag\/public_html\/site\/wp-content\/plugins\/foogallery-custom-modal\/includes\/class-foogallery-custom-modal-frontend.php<\/b> on line <b>128<\/b><br \/>\n<br \/>\n<b>Warning<\/b>:  Undefined property: FooGalleryAttachment::$post_content in <b>\/home\/tepeacag\/public_html\/site\/wp-content\/plugins\/foogallery-custom-modal\/includes\/class-foogallery-custom-modal-frontend.php<\/b> on line <b>129<\/b><br \/>\n<div class=\"fg-item fg-type-image fg-idle\"><figure class=\"fg-item-inner\"><a data-attachment-id=\"5771\" data-lightbox=\"false\" class=\"no-lightbox fg-thumb\" data-custom-modal-processed=\"true\" data-fgcm-id=\"5771\" data-fgcm-title=\"SANTO NI\u00d1O JESUS DE LOS ENFERMOS\" data-fgcm-meta=\"Se encuentra en el interior del Santuario, destaca la Imagen milagrosa s\u00edmbolo de esperanza y consuelo. Miles de devotos llegan para agradecer milagros, pedir fortaleza y renovar el esp\u00edritu, aqu\u00ed cada oraci\u00f3n se convierte en testimonio y cada visita en un encuentro de fe del Santo Ni\u00f1o Jes\u00fas Doctor de los enfermos que llego a Tepeaca en 1542 con la orden de las Hermanas Josefinas, el d\u00eda 30 de abril se celebra con una gran feria.\" data-fgcm-extra=\"REFERENCIAS: Archivo personal del Sr, F\u00e9lix Ramales Garc\u00eda Archivo de investigaciones del Reverendo Sacerdote Vicente Diaz Santiago Archivo Parroquial de Tepeaca\" data-large-image=\"https:\/\/tepeaca.gob.mx\/site\/wp-content\/uploads\/2026\/04\/ninodoctor-1.jpg\" data-type=\"image\"><span class=\"fg-image-wrap\"><img fetchpriority=\"high\" decoding=\"async\" width=\"220\" height=\"400\" class=\"skip-lazy fg-image\" data-src-fg=\"https:\/\/tepeaca.gob.mx\/site\/wp-content\/uploads\/cache\/2026\/04\/ninodoctor-1\/2949769415.jpg\" src=\"data:image\/svg+xml,%3Csvg%20xmlns%3D%22http%3A%2F%2Fwww.w3.org%2F2000%2Fsvg%22%20width%3D%22220%22%20height%3D%22400%22%20viewBox%3D%220%200%20220%20400%22%3E%3C%2Fsvg%3E\" loading=\"eager\"><\/span><span class=\"fg-image-overlay\"><\/span><\/a><\/figure><div class=\"fg-loader\"><\/div><\/div><br \/>\n<b>Warning<\/b>:  Undefined property: FooGalleryAttachment::$post_excerpt in <b>\/home\/tepeacag\/public_html\/site\/wp-content\/plugins\/foogallery-custom-modal\/includes\/class-foogallery-custom-modal-frontend.php<\/b> on line <b>128<\/b><br \/>\n<br \/>\n<b>Warning<\/b>:  Undefined property: FooGalleryAttachment::$post_content in <b>\/home\/tepeacag\/public_html\/site\/wp-content\/plugins\/foogallery-custom-modal\/includes\/class-foogallery-custom-modal-frontend.php<\/b> on line <b>129<\/b><br \/>\n<div class=\"fg-item fg-type-image fg-idle\"><figure class=\"fg-item-inner\"><a data-attachment-id=\"5825\" data-lightbox=\"false\" class=\"no-lightbox fg-thumb\" data-custom-modal-processed=\"true\" data-fgcm-id=\"5825\" data-fgcm-title=\"ALJIBE\" data-fgcm-meta=\"La construcci\u00f3n del aljibe del siglo XVI fue de vital importancia, deposito que data del a\u00f1o 1526 donde hab\u00eda un jaguey de la \u00e9poca prehisp\u00e1nica, construido por los pueblos originales obteniendo agua en la \u00e9poca de lluvias careciendo de este vital l\u00edquido ya que estaban sujetos a la cantidad de lluvia. A la llegada de los conquistadores se decidi\u00f3 construir sobre esa misma base traer agua de las faldas del cerro del Matlalcueye o Malinche por gravedad ya que esta fue un sistema de captaci\u00f3n.\" data-fgcm-extra=\"Referencias: Semblanza Hist\u00f3rica del Agua en M\u00e9xico noviembre 2009 Comisi\u00f3n Nacional del Agua www.conagua,gob,mx Cr\u00f3nica de habitantes de Tepeaca.\" data-large-image=\"https:\/\/tepeaca.gob.mx\/site\/wp-content\/uploads\/2026\/04\/algibe.jpeg\" data-type=\"image\"><span class=\"fg-image-wrap\"><img decoding=\"async\" width=\"220\" height=\"400\" class=\"skip-lazy fg-image\" data-src-fg=\"https:\/\/tepeaca.gob.mx\/site\/wp-content\/uploads\/cache\/2026\/04\/algibe\/2558422039.jpeg\" src=\"data:image\/svg+xml,%3Csvg%20xmlns%3D%22http%3A%2F%2Fwww.w3.org%2F2000%2Fsvg%22%20width%3D%22220%22%20height%3D%22400%22%20viewBox%3D%220%200%20220%20400%22%3E%3C%2Fsvg%3E\" loading=\"eager\"><\/span><span class=\"fg-image-overlay\"><\/span><\/a><\/figure><div class=\"fg-loader\"><\/div><\/div><br \/>\n<b>Warning<\/b>:  Undefined property: FooGalleryAttachment::$post_excerpt in <b>\/home\/tepeacag\/public_html\/site\/wp-content\/plugins\/foogallery-custom-modal\/includes\/class-foogallery-custom-modal-frontend.php<\/b> on line <b>128<\/b><br \/>\n<br \/>\n<b>Warning<\/b>:  Undefined property: FooGalleryAttachment::$post_content in <b>\/home\/tepeacag\/public_html\/site\/wp-content\/plugins\/foogallery-custom-modal\/includes\/class-foogallery-custom-modal-frontend.php<\/b> on line <b>129<\/b><br \/>\n<div class=\"fg-item fg-type-image fg-idle\"><figure class=\"fg-item-inner\"><a data-attachment-id=\"5826\" data-lightbox=\"false\" class=\"no-lightbox fg-thumb\" data-custom-modal-processed=\"true\" data-fgcm-id=\"5826\" data-fgcm-title=\"MUSEO DE SITIO CASA DE CORTES\" data-fgcm-meta=\"Construcci\u00f3n del siglo XVI restaurada en el siglo XVIII, su fachada de ladrillo y talavera poblana sus puertas con dinteles gruesos, casa de una sola planta, originalmente contaba con tres patios, Hern\u00e1n Cortes escribi\u00f3 la 2\u00aa carta de relaci\u00f3n, una de las m\u00e1s importantes a la corona espa\u00f1ola, esta casa fue habitada por mucho tiempo por gobernantes. Actualmente alberga una colecci\u00f3n de figuras prehisp\u00e1nicas halladas en la regi\u00f3n, como vasijas, representaciones zoomorfas y antropomorfas elaboradas en barro, de la \u00e9poca prehisp\u00e1nica, adem\u00e1s podr\u00e1s conocer la historia de la fundaci\u00f3n de Tepeaca as\u00ed podr\u00e1s apreciar el talento de los Tepeaquenses ya que hay un espacio para exponer su arte.\" data-fgcm-extra=\"REFERENCIA: Documentos in\u00e9ditos relativos a Hern\u00e1n Cort\u00e9s y su familia, Publicaciones del Archivo General de la Naci\u00f3n, n\u00famero XXVII, Talleres Gr\u00e1ficos de la Naci\u00f3n, M\u00e9xico,1935. Biblioteca A.R.R.P. JUAN BENITO ARTIGAS: Arquitectura del siglo XVI cultura UNAN versi\u00f3n pdfw.w.w noticonquista.unam.mx\" data-large-image=\"https:\/\/tepeaca.gob.mx\/site\/wp-content\/uploads\/2026\/04\/casa-de-cortes.jpeg\" data-type=\"image\"><span class=\"fg-image-wrap\"><img decoding=\"async\" width=\"220\" height=\"400\" class=\"skip-lazy fg-image\" data-src-fg=\"https:\/\/tepeaca.gob.mx\/site\/wp-content\/uploads\/cache\/2026\/04\/casa-de-cortes\/3912557234.jpeg\" src=\"data:image\/svg+xml,%3Csvg%20xmlns%3D%22http%3A%2F%2Fwww.w3.org%2F2000%2Fsvg%22%20width%3D%22220%22%20height%3D%22400%22%20viewBox%3D%220%200%20220%20400%22%3E%3C%2Fsvg%3E\" loading=\"eager\"><\/span><span class=\"fg-image-overlay\"><\/span><\/a><\/figure><div class=\"fg-loader\"><\/div><\/div><br \/>\n<b>Warning<\/b>:  Undefined property: FooGalleryAttachment::$post_excerpt in <b>\/home\/tepeacag\/public_html\/site\/wp-content\/plugins\/foogallery-custom-modal\/includes\/class-foogallery-custom-modal-frontend.php<\/b> on line <b>128<\/b><br \/>\n<br \/>\n<b>Warning<\/b>:  Undefined property: FooGalleryAttachment::$post_content in <b>\/home\/tepeacag\/public_html\/site\/wp-content\/plugins\/foogallery-custom-modal\/includes\/class-foogallery-custom-modal-frontend.php<\/b> on line <b>129<\/b><br \/>\n<div class=\"fg-item fg-type-image fg-idle\"><figure class=\"fg-item-inner\"><a data-attachment-id=\"5827\" data-lightbox=\"false\" class=\"no-lightbox fg-thumb\" data-custom-modal-processed=\"true\" data-fgcm-id=\"5827\" data-fgcm-title=\"CASA DE VIRRELLES\" data-fgcm-meta=\"Ubicada en la plaza de armas, su construcci\u00f3n data de mediados del siglo XVI1. Sol\u00eda ser la residencia los virreyes, llegaron a hospedarse en dicha casa, ofreciendo hospedaje a los funcionarios de la Corona espa\u00f1ola que viajaban a la capital en la \u00e9poca del virreinato o a su regreso a la ciudad de Veracruz   Tepeaca, al ser una ciudad de paso obligado en el camino real de Veracruz a Puebla y la Ciudad de M\u00e9xico\r\n En el a\u00f1o de 1674. La virreina Leonor de Carreto, marquesa de Mancera, cay\u00f3 enferma durante su viaje a su regreso a Espa\u00f1a, fallece en Tepeaca, al enterarse Sor Juana In\u00e9s de la Cruz de su deceso vino a la ciudad de Tepeaca a sus funerales ya que la marquesa fue su protectora para su formaci\u00f3n acad\u00e9mica.\" data-fgcm-extra=\"REFERENCIA: Valle Arizpe, Artemio del Virreyes y Virreinas de la Nueva Espa\u00f1a, M\u00e9xico, 1947.el destino manda, pp.283-293.\" data-large-image=\"https:\/\/tepeaca.gob.mx\/site\/wp-content\/uploads\/2026\/04\/Casa-de-virrelles.jpeg\" data-type=\"image\"><span class=\"fg-image-wrap\"><img decoding=\"async\" width=\"220\" height=\"400\" class=\"skip-lazy fg-image\" data-src-fg=\"https:\/\/tepeaca.gob.mx\/site\/wp-content\/uploads\/cache\/2026\/04\/Casa-de-virrelles\/3266517396.jpeg\" src=\"data:image\/svg+xml,%3Csvg%20xmlns%3D%22http%3A%2F%2Fwww.w3.org%2F2000%2Fsvg%22%20width%3D%22220%22%20height%3D%22400%22%20viewBox%3D%220%200%20220%20400%22%3E%3C%2Fsvg%3E\" loading=\"eager\"><\/span><span class=\"fg-image-overlay\"><\/span><\/a><\/figure><div class=\"fg-loader\"><\/div><\/div><br \/>\n<b>Warning<\/b>:  Undefined property: FooGalleryAttachment::$post_excerpt in <b>\/home\/tepeacag\/public_html\/site\/wp-content\/plugins\/foogallery-custom-modal\/includes\/class-foogallery-custom-modal-frontend.php<\/b> on line <b>128<\/b><br \/>\n<br \/>\n<b>Warning<\/b>:  Undefined property: FooGalleryAttachment::$post_content in <b>\/home\/tepeacag\/public_html\/site\/wp-content\/plugins\/foogallery-custom-modal\/includes\/class-foogallery-custom-modal-frontend.php<\/b> on line <b>129<\/b><br \/>\n<div class=\"fg-item fg-type-image fg-idle\"><figure class=\"fg-item-inner\"><a data-attachment-id=\"5828\" data-lightbox=\"false\" class=\"no-lightbox fg-thumb\" data-custom-modal-processed=\"true\" data-fgcm-id=\"5828\" data-fgcm-title=\"CERRO DE TEPEYACAC Tlaihtic\" data-fgcm-meta=\"En este cerro inicio nuestra historia  se asentaron y desarrollaron los primeros grupos de habitantes en la \u00e9poca prehisp\u00e1nica, que fueron los Toltecas y Chichimecas, es un lugar muy importante en nuestra historia el trueque que a la fecha todos los viernes se sigue practicando Se instal\u00f3 un mirador para poder apreciar la vista de la ciudad, su traza perfecta, los monumentos patrimonio hist\u00f3rico y cultural de la ciudad, actualmente las familias admiran esta bella vista, la pr\u00e1ctica del senderismo y  ciclismo de monta\u00f1a.\" data-fgcm-extra=\"REFERENCIAS: Miguel Medina Ja\u00e9n (2017). The ancient hydraulic catchment systems of the Tepeaca-Acatzingo archaeological zone, Puebla, Mexico. En Underground Aqueducts Handbook, Routledge.\" data-large-image=\"https:\/\/tepeaca.gob.mx\/site\/wp-content\/uploads\/2026\/04\/Cerro-de-Tepeyacac.jpeg\" data-type=\"image\"><span class=\"fg-image-wrap\"><img decoding=\"async\" width=\"220\" height=\"400\" class=\"skip-lazy fg-image\" data-src-fg=\"https:\/\/tepeaca.gob.mx\/site\/wp-content\/uploads\/cache\/2026\/04\/Cerro-de-Tepeyacac\/2392119351.jpeg\" src=\"data:image\/svg+xml,%3Csvg%20xmlns%3D%22http%3A%2F%2Fwww.w3.org%2F2000%2Fsvg%22%20width%3D%22220%22%20height%3D%22400%22%20viewBox%3D%220%200%20220%20400%22%3E%3C%2Fsvg%3E\" loading=\"eager\"><\/span><span class=\"fg-image-overlay\"><\/span><\/a><\/figure><div class=\"fg-loader\"><\/div><\/div><br \/>\n<b>Warning<\/b>:  Undefined property: FooGalleryAttachment::$post_excerpt in <b>\/home\/tepeacag\/public_html\/site\/wp-content\/plugins\/foogallery-custom-modal\/includes\/class-foogallery-custom-modal-frontend.php<\/b> on line <b>128<\/b><br \/>\n<br \/>\n<b>Warning<\/b>:  Undefined property: FooGalleryAttachment::$post_content in <b>\/home\/tepeacag\/public_html\/site\/wp-content\/plugins\/foogallery-custom-modal\/includes\/class-foogallery-custom-modal-frontend.php<\/b> on line <b>129<\/b><br \/>\n<div class=\"fg-item fg-type-image fg-idle\"><figure class=\"fg-item-inner\"><a data-attachment-id=\"5829\" data-lightbox=\"false\" class=\"no-lightbox fg-thumb\" data-custom-modal-processed=\"true\" data-fgcm-id=\"5829\" data-fgcm-title=\"EX CONVENTO FRANCISCANO\" data-fgcm-meta=\"Del siglo XVI fundado por la orden franciscana, en honor a San Francisco de As\u00eds, bajo el mando de Fray Juan Rivas en el a\u00f1o de 1530 concluy\u00e9ndose en 1590de estilo barroco salom\u00f3nico, construido por ma\u00f1os ind\u00edgenas, su estructura se compone de una iglesia de una sola nave, claustro, atrio huerta, refectorio y aljibe.\r\nLa capilla de la tercera orden   entrada a la derecha del monasterio que en un tiempo fue el portal del peregrino y posterior mente se construy\u00f3 una capilla cuya portada profusamente ornamentada con relieves de argamasa construida en el a\u00f1o 1700 finales del siglo XVII Y principios del siglo XVIII la tercera orden dedicada a los laicos, est\u00edo barroco churrigueresco.\r\nTestimonio de fe, cultura, artes y oficios uno de los m\u00e1s importantes de la \u00e9poca, durante el siglo XVI convento de guardian\u00eda donde Vivian frailes siendo su primer guardi\u00e1n Juan de Ribas desde este convento los frailes Franciscanos se desplazaban hacia los conventos de Cuantinchan  Amozoc, Tecali, Acatzingo para evangelizar, paso de frontera entre Veracruz y Puebla su construcci\u00f3n ocupa el 6\u00ba lugar a nivel nacional y el 4\u00ba cuarto en el estado de Puebla, a la mitad de la iglesia a la derecha se encuentra una  escultura de San Diego de Alcal\u00e1 echa por Francisco de la Masa del siglo XVI que es considerada una escultura de las m\u00e1s perfectas, que se encuentra en el centro del retablo,un pasaje franciscano, est\u00e1 elaborado sobre una preparaci\u00f3n que consiste en una capa de barro con medio cent\u00edmetro de espesor, mesclado con briznas de paja que le permiten mantenerse unido y sobre esa capa otra muy delgada de yeso que sostiene la imprimaci\u00f3n. La pintura est\u00e1 dispuesta en forma de retablo, son cuatro hileras horizontales de peque\u00f1os cuadros, tres en la superior y cinco en las tres hileras inferiores, representa milagros de San buena Ventura y orden franciscana y cada cuadro lleva su inscripci\u00f3n en letras goticistas, tienen cierta ingenuidad, colorido jugoso de calidad entonaci\u00f3n italiana se atribuye a Sim\u00f3n Pereyns pintor flamenco.\" data-fgcm-extra=\"REFERENCIAS: Bernal Diaz del Castillo, Historia verdadera de la conquista de la Nueva Espa\u00f1a, M\u00e9xico Porrua,1972, p.269. Bolet\u00edn de monumentos hist\u00f3ricos I tercera \u00e9poca numero 12 enero-abril 2008 Mar\u00eda del Consuelo Maquivar pag.108\" data-large-image=\"https:\/\/tepeaca.gob.mx\/site\/wp-content\/uploads\/2026\/04\/ex-convento-franciscano.jpeg\" data-type=\"image\"><span class=\"fg-image-wrap\"><img decoding=\"async\" width=\"220\" height=\"400\" class=\"skip-lazy fg-image\" data-src-fg=\"https:\/\/tepeaca.gob.mx\/site\/wp-content\/uploads\/cache\/2026\/04\/ex-convento-franciscano\/2246277161.jpeg\" src=\"data:image\/svg+xml,%3Csvg%20xmlns%3D%22http%3A%2F%2Fwww.w3.org%2F2000%2Fsvg%22%20width%3D%22220%22%20height%3D%22400%22%20viewBox%3D%220%200%20220%20400%22%3E%3C%2Fsvg%3E\" loading=\"eager\"><\/span><span class=\"fg-image-overlay\"><\/span><\/a><\/figure><div class=\"fg-loader\"><\/div><\/div><br \/>\n<b>Warning<\/b>:  Undefined property: FooGalleryAttachment::$post_excerpt in <b>\/home\/tepeacag\/public_html\/site\/wp-content\/plugins\/foogallery-custom-modal\/includes\/class-foogallery-custom-modal-frontend.php<\/b> on line <b>128<\/b><br \/>\n<br \/>\n<b>Warning<\/b>:  Undefined property: FooGalleryAttachment::$post_content in <b>\/home\/tepeacag\/public_html\/site\/wp-content\/plugins\/foogallery-custom-modal\/includes\/class-foogallery-custom-modal-frontend.php<\/b> on line <b>129<\/b><br \/>\n<div class=\"fg-item fg-type-image fg-idle\"><figure class=\"fg-item-inner\"><a data-attachment-id=\"5830\" data-lightbox=\"false\" class=\"no-lightbox fg-thumb\" data-custom-modal-processed=\"true\" data-fgcm-id=\"5830\" data-fgcm-title=\"EL ROLLO DE TEPEACA\" data-fgcm-meta=\"Su construcci\u00f3n data del siglo XVI, en 1959 se constituy\u00f3 y al mismo tiempo la primera autoridad, establecido por un corregidor, su funci\u00f3n de simbolizar la jurisdicci\u00f3n del poder, al mismo tiempo era un lugar para castigo p\u00fablico, donde se exhib\u00edan y castigaban los delitos cometidos por los ind\u00edgenas y espa\u00f1oles.\r\nFue construido por manos ind\u00edgenas, d\u00e9 forma octagonal por \u00f3rdenes del alcalde en turno el Mayor Francisco de Verdugo, es de estilo morisco, con detalles g\u00f3ticos, con influencia mud\u00e9jar, ventanas geminadas moriscas su escalera es de forma de caracol de piedra con 40 escalones, tiene una altura de 17 metros y un ancho de 25 de forma octagonal esta torre de ladrillo est\u00e1 construida sobre un pedestal de siete escalones, se conecta por t\u00faneles al convento y casa de Cort\u00e9s, en la plataforma se encuentran 4 animales en postura sedente cuyo pelaje esta trabajado a maneras de plumas que cubre la superficie del lomo hasta las patas muy similar al coyote, con elementos de arte tequitqui o arte indocristiano, conocidos como los perros de Tepeaca, estas esculturas fueron talladas para proveer de agua a los habitantes y se encontraban en una fuente al centro de la ciudad, en este monumento se encuentra el primer reloj p\u00fablico en Latinoam\u00e9rica , donado por la corona espa\u00f1ola, posterior mente se coloc\u00f3 un reloj  en el siglo XIX originario de Zacatl\u00e1n Puebla.\" data-fgcm-extra=\"REFERENCIAS: Mar\u00eda del Consuelo Maquilar (Arte Indo cristiano, p.107,108,109) Bolet\u00edn_cnmh.inah.gob.mx Alatorre Antonio. Sor Juana a trav\u00e9s de los siglos. Colegio Nacional de M\u00e9xico-UNAM 2007 Cr\u00f3nica de Tepeaca\" data-large-image=\"https:\/\/tepeaca.gob.mx\/site\/wp-content\/uploads\/2026\/04\/rrollo.webp\" data-type=\"image\"><span class=\"fg-image-wrap\"><img decoding=\"async\" width=\"220\" height=\"400\" class=\"skip-lazy fg-image\" data-src-fg=\"https:\/\/tepeaca.gob.mx\/site\/wp-content\/uploads\/cache\/2026\/04\/rrollo\/3804346793.webp\" src=\"data:image\/svg+xml,%3Csvg%20xmlns%3D%22http%3A%2F%2Fwww.w3.org%2F2000%2Fsvg%22%20width%3D%22220%22%20height%3D%22400%22%20viewBox%3D%220%200%20220%20400%22%3E%3C%2Fsvg%3E\" loading=\"eager\"><\/span><span class=\"fg-image-overlay\"><\/span><\/a><\/figure><div class=\"fg-loader\"><\/div><\/div><br \/>\n<b>Warning<\/b>:  Undefined property: FooGalleryAttachment::$post_excerpt in <b>\/home\/tepeacag\/public_html\/site\/wp-content\/plugins\/foogallery-custom-modal\/includes\/class-foogallery-custom-modal-frontend.php<\/b> on line <b>128<\/b><br \/>\n<br \/>\n<b>Warning<\/b>:  Undefined property: FooGalleryAttachment::$post_content in <b>\/home\/tepeacag\/public_html\/site\/wp-content\/plugins\/foogallery-custom-modal\/includes\/class-foogallery-custom-modal-frontend.php<\/b> on line <b>129<\/b><br \/>\n<div class=\"fg-item fg-type-image fg-idle\"><figure class=\"fg-item-inner\"><a data-attachment-id=\"5831\" data-lightbox=\"false\" class=\"no-lightbox fg-thumb\" data-custom-modal-processed=\"true\" data-fgcm-id=\"5831\" data-fgcm-title=\"SANTUARIO DEL SANTO NI\u00d1O JESUS DOCTOR DE LOS ENFERMOS\" data-fgcm-meta=\" Fue construido a mitad del siglo XVII y primera del siglo XVII con indicaciones de San Carlos Borromeo como parte del programa secularizaci\u00f3n de las parroquias de las manos del clero regular en 1646 a 1654 fachada estilo barroco con uso de talavera, su edificaci\u00f3n fue en honor a San Francisco de As\u00eds.\" data-fgcm-extra=\"REFERENCIAS: Borromeo, San Carlos, instrucciones para la f\u00e1brica y del ajuar eclesi\u00e1sticos, UNAM, M\u00e9xico,1985, pp.482 Archivo de la Catedral Angelopolitana, documentos del beato Juan de Palafox y Mendoza.\" data-large-image=\"https:\/\/tepeaca.gob.mx\/site\/wp-content\/uploads\/2026\/04\/Santuario-del-Nino-Doctor.jpeg\" data-type=\"image\"><span class=\"fg-image-wrap\"><img decoding=\"async\" width=\"220\" height=\"400\" class=\"skip-lazy fg-image\" data-src-fg=\"https:\/\/tepeaca.gob.mx\/site\/wp-content\/uploads\/cache\/2026\/04\/Santuario-del-Nino-Doctor\/1595263790.jpeg\" src=\"data:image\/svg+xml,%3Csvg%20xmlns%3D%22http%3A%2F%2Fwww.w3.org%2F2000%2Fsvg%22%20width%3D%22220%22%20height%3D%22400%22%20viewBox%3D%220%200%20220%20400%22%3E%3C%2Fsvg%3E\" loading=\"eager\"><\/span><span class=\"fg-image-overlay\"><\/span><\/a><\/figure><div class=\"fg-loader\"><\/div><\/div>\t<\/div>\n\t<div class=\"fg-carousel-bottom\"><\/div>\n\t<div class=\"fg-carousel-progress\"><\/div>\n\t<button type=\"button\" class=\"fg-carousel-next\" title=\"Siguiente\"><\/button>\n<\/div>\n","protected":false},"excerpt":{"rendered":"","protected":false},"author":4,"featured_media":0,"parent":0,"menu_order":0,"comment_status":"closed","ping_status":"closed","template":"","meta":{"footnotes":""},"class_list":["post-5822","page","type-page","status-publish","hentry"],"_links":{"self":[{"href":"https:\/\/tepeaca.gob.mx\/site\/wp-json\/wp\/v2\/pages\/5822","targetHints":{"allow":["GET"]}}],"collection":[{"href":"https:\/\/tepeaca.gob.mx\/site\/wp-json\/wp\/v2\/pages"}],"about":[{"href":"https:\/\/tepeaca.gob.mx\/site\/wp-json\/wp\/v2\/types\/page"}],"author":[{"embeddable":true,"href":"https:\/\/tepeaca.gob.mx\/site\/wp-json\/wp\/v2\/users\/4"}],"replies":[{"embeddable":true,"href":"https:\/\/tepeaca.gob.mx\/site\/wp-json\/wp\/v2\/comments?post=5822"}],"version-history":[{"count":2,"href":"https:\/\/tepeaca.gob.mx\/site\/wp-json\/wp\/v2\/pages\/5822\/revisions"}],"predecessor-version":[{"id":5832,"href":"https:\/\/tepeaca.gob.mx\/site\/wp-json\/wp\/v2\/pages\/5822\/revisions\/5832"}],"wp:attachment":[{"href":"https:\/\/tepeaca.gob.mx\/site\/wp-json\/wp\/v2\/media?parent=5822"}],"curies":[{"name":"wp","href":"https:\/\/api.w.org\/{rel}","templated":true}]}}