{"id":3141,"date":"2021-10-06T00:56:54","date_gmt":"2021-10-06T00:56:54","guid":{"rendered":"http:\/\/tepeaca.gob.mx\/site\/?page_id=3141"},"modified":"2025-02-28T15:15:23","modified_gmt":"2025-02-28T21:15:23","slug":"lineamientos","status":"publish","type":"page","link":"https:\/\/tepeaca.gob.mx\/site\/normatividad\/lineamientos\/","title":{"rendered":"Lineamientos"},"content":{"rendered":"<div class=\"oxi-addons-container\"> <div class=\"ctu-ultimate-wrapper-64\">\n              <div class=\"ctu-ulimate-style-64\"><div class=\"vc-tabs-li vc-tabs-li-64-id-223\" ref=\"#ctu-ulitate-style-64-id-223\">\n                                       LINEAMIENTOS\n                                        <div class=\"ctu-absolute\"><\/div>\n                                    <\/div> <\/div><div class=\"ctu-ultimate-style-64-content\">\n                                        <div class=\"ctu-ultimate-style-heading-64 vc-tabs-li-64-id-223\" ref=\"#ctu-ulitate-style-64-id-223\"> \n                                            LINEAMIENTOS\n                                        <\/div>\n                                        <div class=\"ctu-ulitate-style-64-tabs \" id=\"ctu-ulitate-style-64-id-223\">\n                                            <table style=\"border-collapse: collapse; width: 100%;\" border=\"1\"> <tbody> <tr> <td style=\"width: 90%;\"> <p><span style=\"color: #000000;\">NORMATIVIDAD PRESUPUESTAL PARA LA AUTORIZACI\u00d3N Y EJERCICIO DEL GASTO P\u00daBLICO<\/span><\/p> <\/td> <td style=\"width: 10%; text-align: center;\"> <p><span style=\"color: #000000;\"><a style=\"color: #000000;\" href=\"http:\/\/tepeaca.gob.mx\/docs-site\/normatividad\/lineamientos\/NORMATIVIDAD PRESUPUESTAL PARA LA AUTORIZACI\u00d3N Y EJERCICIO DEL GASTO P\u00daBLICO.pdf\" target=\"_blank\" rel=\"noopener\"><img loading=\"lazy\" decoding=\"async\" class=\"aligncenter wp-image-744 size-full\" src=\"http:\/\/tepeaca.gob.mx\/site\/wp-content\/uploads\/2019\/05\/ico-pdf2.png\" alt=\"\" width=\"31\" height=\"33\" \/><\/a><\/span><\/p> <\/td> <\/tr> <tr> <td style=\"width: 90%;\"> <p><span style=\"color: #000000;\">LINEAMIENTOS PARA EL ALTA, BAJA OPERATIVA, DESINCORPORACI\u00d3N Y DESTINO FINAL DE LOS BIENES MUEBLES DEL MUNICIPIO DE TEPEACA<\/span><\/p> <\/td> <td style=\"width: 10%; text-align: center;\"> <p><span style=\"color: #000000;\"><a style=\"color: #000000;\" href=\"http:\/\/tepeaca.gob.mx\/docs-site\/normatividad\/lineamientos\/LINEAMIENTOS PARA EL ALTA, BAJA OPERATIVA, DESINCORPORACI\u00d3N Y DESTINO FINAL DE LOS BIENES MUEBLES DEL MUNICIPIO DE TEPEACA.pdf\" target=\"_blank\" rel=\"noopener\"><img loading=\"lazy\" decoding=\"async\" class=\"aligncenter wp-image-744 size-full\" src=\"http:\/\/tepeaca.gob.mx\/site\/wp-content\/uploads\/2019\/05\/ico-pdf2.png\" alt=\"\" width=\"31\" height=\"33\" \/><\/a><\/span><\/p> <\/td> <\/tr> <tr> <td style=\"width: 90%;\"> <p><span style=\"color: #000000;\">LINEAMIENTOS PARA LA ENTREGA RECEPCI\u00d3N DE LA ADMINISTRACION P\u00daBLICA DEL MUNICIP\u00cdO DE TEPEACA<\/span><\/p> <\/td> <td style=\"width: 10%; text-align: center;\"> <p><span style=\"color: #000000;\"><a style=\"color: #000000;\" href=\"https:\/\/tepeaca.gob.mx\/site\/wp-content\/uploads\/2022\/07\/Lineamientos-que-establecen-los-Procedimientos-de-Entrega-Recepci\u00f3n-del-Municipio-de-Tepeaca-Puebla-1.pdf\" target=\"_blank\" rel=\"noopener\"><img loading=\"lazy\" decoding=\"async\" class=\"aligncenter wp-image-744 size-full\" src=\"https:\/\/tepeaca.gob.mx\/site\/wp-content\/uploads\/2019\/05\/ico-pdf2.png\" alt=\"\" width=\"31\" height=\"33\" \/><\/a><\/span><\/p> <\/td> <\/tr> <tr> <td style=\"width: 90%;\"> <p><span style=\"color: #000000;\">LINEAMIENTOS GENERAL PARA LA INTEGRACI\u00d3N DEL LISTADO DE CONTRATISTAS Y LABORATORIOS DE PRUEBAS DE CALIDAD DEL MUNICIPIO DE TEPEACA, PUEBLA.<\/span><\/p> <\/td> <td style=\"width: 10%; text-align: center;\"> <p><span style=\"color: #000000;\"><a style=\"color: #000000;\" href=\"https:\/\/tepeaca.gob.mx\/site\/wp-content\/uploads\/2025\/04\/Lineamientos-Generales-para-la-integracion-del-Listado-de-Contratistas-y-Laboratorios-de-Pruebas-de-Calidad.pdf\" target=\"_blank\" rel=\"noopener\"><img loading=\"lazy\" decoding=\"async\" class=\"aligncenter wp-image-744 size-full\" src=\"https:\/\/tepeaca.gob.mx\/site\/wp-content\/uploads\/2019\/05\/ico-pdf2.png\" alt=\"\" width=\"31\" height=\"33\" \/><\/a><\/span><\/p> <\/td> <\/tr> <tr> <td style=\"width: 90%;\"> <p><span style=\"color: #000000;\">LINEAMIENTOS GENERALES PARA LA INTEGRACI\u00d3N DEL PADR\u00d3N DE PROVEEEDORES DEL MUNICIPIO DE TEPEACA, PUEBLA.<\/span><\/p> <\/td> <td style=\"width: 10%; text-align: center;\"> <p><span style=\"color: #000000;\"><a style=\"color: #000000;\" href=\"https:\/\/tepeaca.gob.mx\/site\/wp-content\/uploads\/2025\/04\/Lineamientos-del-Padron-de-Proveedores-2025.pdf\" target=\"_blank\" rel=\"noopener\"><img loading=\"lazy\" decoding=\"async\" class=\"aligncenter wp-image-744 size-full\" src=\"https:\/\/tepeaca.gob.mx\/site\/wp-content\/uploads\/2019\/05\/ico-pdf2.png\" alt=\"\" width=\"31\" height=\"33\" \/><\/a><\/span><\/p> <\/td> <\/tr> <tr> <td style=\"width: 90%;\">\u00a0<\/td> <td style=\"width: 10%; text-align: center;\">\u00a0<\/td> <\/tr> <tr> <td style=\"width: 90%;\"> <p><span style=\"color: #000000;\">LINEAMIENTOS DE CONTROL INTERNO INSTITUCIONAL DEL HONORABLE AYUNTAMIENTO DEL MUNICIPIO DE TEPEACA, PUEBLA. <\/span><\/p> <\/td> <td style=\"width: 10%; text-align: center;\"> <p><span style=\"color: #000000;\"><a style=\"color: #000000;\" href=\"https:\/\/tepeaca.gob.mx\/site\/wp-content\/uploads\/2025\/02\/Lineamientos-de-Control-Interno-Institucional-del-H.-Ayuntamiento-OIC.pdf\" target=\"_blank\" rel=\"noopener\"><img loading=\"lazy\" decoding=\"async\" class=\"aligncenter wp-image-744 size-full\" src=\"https:\/\/tepeaca.gob.mx\/site\/wp-content\/uploads\/2019\/05\/ico-pdf2.png\" alt=\"\" width=\"31\" height=\"33\" \/><\/a><\/span><\/p> <\/td> <\/tr> <tr> <td style=\"width: 90%;\"> <p><span style=\"color: #000000;\">LINEAMIENTOS EN MATERIA DE ADMINISTRACI\u00d3N DE RIESGOS DEL HONORABLE AYUNTAMIENTO DEL MUNICIPIO DE TEPEACA, PUEBLA. <\/span><\/p> <\/td> <td style=\"width: 10%; text-align: center;\"> <p><span style=\"color: #000000;\"><a style=\"color: #000000;\" href=\"https:\/\/tepeaca.gob.mx\/site\/wp-content\/uploads\/2025\/02\/Lineamientos-Admin.-de-Riesgos-OIC.pdf\" target=\"_blank\" rel=\"noopener\"><img loading=\"lazy\" decoding=\"async\" class=\"aligncenter wp-image-744 size-full\" src=\"https:\/\/tepeaca.gob.mx\/site\/wp-content\/uploads\/2019\/05\/ico-pdf2.png\" alt=\"\" width=\"31\" height=\"33\" \/><\/a><\/span><\/p> <\/td> <\/tr> <tr> <td style=\"width: 90%;\"> <p><span style=\"color: #000000;\">LINEAMIENTOS GENERALES PARA LA OPERACI\u00d3N DEL COMIT\u00c9 DE \u00c9TICA DEL HONORABLE AYUNTAMIENTO DEL MUNICIPIO DE TEPEACA, PUEBLA.<\/span><\/p> <\/td> <td style=\"width: 10%; text-align: center;\"><a href=\"https:\/\/tepeaca.gob.mx\/site\/wp-content\/uploads\/2025\/02\/LINEAMIENTOS-COMITE-DE-ETICA-OIC.pdf\" target=\"_blank\" rel=\"noopener\"><img loading=\"lazy\" decoding=\"async\" class=\"aligncenter wp-image-744 size-full\" src=\"https:\/\/tepeaca.gob.mx\/site\/wp-content\/uploads\/2019\/05\/ico-pdf2.png\" alt=\"\" width=\"31\" height=\"33\" \/><\/a><\/td> <\/tr> <tr> <td style=\"width: 90%;\"> <p><span style=\"color: #000000;\">LINEAMIENTOS DE LOS CONSEJOS DE PARTICIPACI\u00d3N CIUDADANA DEL MUNICIPIO DE TEPEACA.<\/span><\/p> <\/td> <td style=\"width: 10%; text-align: center;\"><span style=\"color: #000000;\"><a href=\"https:\/\/tepeaca.gob.mx\/site\/wp-content\/uploads\/2025\/05\/Lineamientos_Consejos_Participacion_Ciudadana.pdf\" target=\"_blank\" rel=\"noopener\"><img loading=\"lazy\" decoding=\"async\" class=\"aligncenter wp-image-744 size-full\" src=\"https:\/\/tepeaca.gob.mx\/site\/wp-content\/uploads\/2019\/05\/ico-pdf2.png\" alt=\"\" width=\"31\" height=\"33\" \/><\/a><\/span><\/td> <\/tr> <tr> <td style=\"width: 90%;\"> <p><span style=\"color: #000000;\">ACUERDO POR EL QUE SE EMITEN LOS LINEAMIENTOS Y LA METODOLOGIA PARA LA VERIFICACION ALEATORIA DE LAS DECLARACIONES DE SITUACION PATRIMONIAL Y DE INTERES DE LAS PERSONAS SERVIDORAS P\u00daBLICAS DEL H. AYUNTAMIENTO DEL MUNICIPIO DE TEPEACA, PUEBLA.<\/span><\/p> <\/td> <td style=\"width: 10%; text-align: center;\"><span style=\"color: #000000;\"><a href=\"https:\/\/tepeaca.gob.mx\/site\/wp-content\/uploads\/2025\/08\/ACUERDO-ALEATORIO.pdf\" target=\"_blank\" rel=\"noopener\"><img loading=\"lazy\" decoding=\"async\" class=\"aligncenter wp-image-744 size-full\" src=\"https:\/\/tepeaca.gob.mx\/site\/wp-content\/uploads\/2019\/05\/ico-pdf2.png\" alt=\"\" width=\"31\" height=\"33\" \/><\/a><\/span><\/td> <\/tr> <\/tbody> <\/table> <p>&nbsp;<\/p> <\/div><\/div><\/div><\/div>\n\n\n\n<p><\/p>\n","protected":false},"excerpt":{"rendered":"","protected":false},"author":5,"featured_media":0,"parent":1397,"menu_order":7,"comment_status":"closed","ping_status":"closed","template":"","meta":{"footnotes":""},"class_list":["post-3141","page","type-page","status-publish","hentry"],"_links":{"self":[{"href":"https:\/\/tepeaca.gob.mx\/site\/wp-json\/wp\/v2\/pages\/3141","targetHints":{"allow":["GET"]}}],"collection":[{"href":"https:\/\/tepeaca.gob.mx\/site\/wp-json\/wp\/v2\/pages"}],"about":[{"href":"https:\/\/tepeaca.gob.mx\/site\/wp-json\/wp\/v2\/types\/page"}],"author":[{"embeddable":true,"href":"https:\/\/tepeaca.gob.mx\/site\/wp-json\/wp\/v2\/users\/5"}],"replies":[{"embeddable":true,"href":"https:\/\/tepeaca.gob.mx\/site\/wp-json\/wp\/v2\/comments?post=3141"}],"version-history":[{"count":4,"href":"https:\/\/tepeaca.gob.mx\/site\/wp-json\/wp\/v2\/pages\/3141\/revisions"}],"predecessor-version":[{"id":5257,"href":"https:\/\/tepeaca.gob.mx\/site\/wp-json\/wp\/v2\/pages\/3141\/revisions\/5257"}],"up":[{"embeddable":true,"href":"https:\/\/tepeaca.gob.mx\/site\/wp-json\/wp\/v2\/pages\/1397"}],"wp:attachment":[{"href":"https:\/\/tepeaca.gob.mx\/site\/wp-json\/wp\/v2\/media?parent=3141"}],"curies":[{"name":"wp","href":"https:\/\/api.w.org\/{rel}","templated":true}]}}