{"id":2716,"date":"2020-11-05T22:31:55","date_gmt":"2020-11-05T22:31:55","guid":{"rendered":"http:\/\/tepeaca.gob.mx\/site\/?page_id=2716"},"modified":"2024-08-02T00:04:52","modified_gmt":"2024-08-02T00:04:52","slug":"manuales","status":"publish","type":"page","link":"https:\/\/tepeaca.gob.mx\/site\/normatividad\/manuales\/","title":{"rendered":"Manuales"},"content":{"rendered":"<div class=\"oxi-addons-container\"> <div class=\"ctu-ultimate-wrapper-61\">\n              <div class=\"ctu-ulimate-style-61\"><div class=\"vc-tabs-li vc-tabs-li-61-id-214\" ref=\"#ctu-ulitate-style-61-id-214\">\n                                       MANUALES DE ORGANIZACI\u00d3N\n                                        <div class=\"ctu-absolute\"><\/div>\n                                    <\/div><div class=\"vc-tabs-li vc-tabs-li-61-id-215\" ref=\"#ctu-ulitate-style-61-id-215\">\n                                       MANUALES DE PROCEDIMIENTO\n                                        <div class=\"ctu-absolute\"><\/div>\n                                    <\/div><div class=\"vc-tabs-li vc-tabs-li-61-id-285\" ref=\"#ctu-ulitate-style-61-id-285\">\n                                       MANUAL DE CONTABILIDAD\n                                        <div class=\"ctu-absolute\"><\/div>\n                                    <\/div> <\/div><div class=\"ctu-ultimate-style-61-content\">\n                                        <div class=\"ctu-ultimate-style-heading-61 vc-tabs-li-61-id-214\" ref=\"#ctu-ulitate-style-61-id-214\"> \n                                            MANUALES DE ORGANIZACI\u00d3N\n                                        <\/div>\n                                        <div class=\"ctu-ulitate-style-61-tabs \" id=\"ctu-ulitate-style-61-id-214\">\n                                            <table style=\"border-collapse: collapse; width: 100%;\" border=\"1\"> <tbody> <tr> <td style=\"width: 50%;\"><span style=\"color: #000000;\">Coordinaci\u00f3n de Bienestar<\/span><\/td> <td style=\"width: 50%; text-align: center;\"><span style=\"color: #000000;\"><a style=\"color: #000000;\" href=\"https:\/\/tepeaca.gob.mx\/site\/wp-content\/uploads\/2024\/08\/Coordinacion-de-Bienestar.pdf\" target=\"_blank\" rel=\"noopener\"><img loading=\"lazy\" decoding=\"async\" class=\"aligncenter wp-image-744 size-full\" src=\"https:\/\/tepeaca.gob.mx\/site\/wp-content\/uploads\/2019\/05\/ico-pdf2.png\" alt=\"\" width=\"31\" height=\"33\" \/><\/a><\/span><\/td> <\/tr> <tr> <td style=\"width: 50%;\"><span style=\"color: #000000;\">Coordinacion de Comunicaci\u00f3n Social<\/span><\/td> <td style=\"width: 50%; text-align: center;\"><span style=\"color: #000000;\"><a style=\"color: #000000;\" href=\"https:\/\/tepeaca.gob.mx\/site\/wp-content\/uploads\/2024\/08\/Coordinacion-de-Comunicacion-Social.pdf\" target=\"_blank\" rel=\"noopener\"><img loading=\"lazy\" decoding=\"async\" class=\"aligncenter wp-image-744 size-full\" src=\"https:\/\/tepeaca.gob.mx\/site\/wp-content\/uploads\/2019\/05\/ico-pdf2.png\" alt=\"\" width=\"31\" height=\"33\" \/><\/a><\/span><\/td> <\/tr> <tr> <td style=\"width: 50%;\"><span style=\"color: #000000;\">Direcci\u00f3n de Cultura<\/span><\/td> <td style=\"width: 50%; text-align: center;\"><span style=\"color: #000000;\"><a style=\"color: #000000;\" href=\"https:\/\/tepeaca.gob.mx\/site\/wp-content\/uploads\/2024\/08\/Direccion-de-Cultura.pdf\" target=\"_blank\" rel=\"noopener\"><img loading=\"lazy\" decoding=\"async\" class=\"aligncenter wp-image-744 size-full\" src=\"https:\/\/tepeaca.gob.mx\/site\/wp-content\/uploads\/2019\/05\/ico-pdf2.png\" alt=\"\" width=\"31\" height=\"33\" \/><\/a><\/span><\/td> <\/tr> <tr> <td style=\"width: 50%;\"><span style=\"color: #000000;\">Direcci\u00f3n de Desarrollo Econ\u00f3mico<\/span><\/td> <td style=\"width: 50%; text-align: center;\"><span style=\"color: #000000;\"><a style=\"color: #000000;\" href=\"https:\/\/tepeaca.gob.mx\/site\/wp-content\/uploads\/2024\/08\/Direccion-de-Desarrollo-Economico.pdf\" target=\"_blank\" rel=\"noopener\"><img loading=\"lazy\" decoding=\"async\" class=\"aligncenter wp-image-744 size-full\" src=\"https:\/\/tepeaca.gob.mx\/site\/wp-content\/uploads\/2019\/05\/ico-pdf2.png\" alt=\"\" width=\"31\" height=\"33\" \/><\/a><\/span><\/td> <\/tr> <tr> <td style=\"width: 50%;\"><span style=\"color: #000000;\">Direcci\u00f3n de Desarrollo Integral de la Familia<\/span><\/td> <td style=\"width: 50%; text-align: center;\"><span style=\"color: #000000;\"><a style=\"color: #000000;\" href=\"https:\/\/tepeaca.gob.mx\/site\/wp-content\/uploads\/2024\/08\/Direccion-de-Desarrollo-Integral-de-la-Familia.pdf\" target=\"_blank\" rel=\"noopener\"><img loading=\"lazy\" decoding=\"async\" class=\"aligncenter wp-image-744 size-full\" src=\"https:\/\/tepeaca.gob.mx\/site\/wp-content\/uploads\/2019\/05\/ico-pdf2.png\" alt=\"\" width=\"31\" height=\"33\" \/><\/a><\/span><\/td> <\/tr> <tr> <td style=\"width: 50%;\"><span style=\"color: #000000;\">Direcci\u00f3n de Sustentabilidad y Desarrollo Urbano<\/span><\/td> <td style=\"width: 50%; text-align: center;\"><span style=\"color: #000000;\"><a style=\"color: #000000;\" href=\"https:\/\/tepeaca.gob.mx\/site\/wp-content\/uploads\/2024\/08\/Direccion-de-Sustentabilidad-y-Desarrollo-Urbano.pdf\" target=\"_blank\" rel=\"noopener\"><img loading=\"lazy\" decoding=\"async\" class=\"aligncenter wp-image-744 size-full\" src=\"https:\/\/tepeaca.gob.mx\/site\/wp-content\/uploads\/2019\/05\/ico-pdf2.png\" alt=\"\" width=\"31\" height=\"33\" \/><\/a><\/span><\/td> <\/tr> <tr> <td style=\"width: 50%;\"><span style=\"color: #000000;\">Direcci\u00f3n de Turismo<\/span><\/td> <td style=\"width: 50%; text-align: center;\"><span style=\"color: #000000;\"><a style=\"color: #000000;\" href=\"https:\/\/tepeaca.gob.mx\/site\/wp-content\/uploads\/2024\/08\/Direccion-de-Turismo.pdf\" target=\"_blank\" rel=\"noopener\"><img loading=\"lazy\" decoding=\"async\" class=\"aligncenter wp-image-744 size-full\" src=\"https:\/\/tepeaca.gob.mx\/site\/wp-content\/uploads\/2019\/05\/ico-pdf2.png\" alt=\"\" width=\"31\" height=\"33\" \/><\/a><\/span><\/td> <\/tr> <tr> <td style=\"width: 50%;\"><span style=\"color: #000000;\">Direcci\u00f3n General de Servicios P\u00fablicos Municipales<\/span><\/td> <td style=\"width: 50%; text-align: center;\"><span style=\"color: #000000;\"><a style=\"color: #000000;\" href=\"https:\/\/tepeaca.gob.mx\/site\/wp-content\/uploads\/2024\/08\/Direccion-General-de-Servicios-Publicos-Municipales.pdf\" target=\"_blank\" rel=\"noopener\"><img loading=\"lazy\" decoding=\"async\" class=\"aligncenter wp-image-744 size-full\" src=\"https:\/\/tepeaca.gob.mx\/site\/wp-content\/uploads\/2019\/05\/ico-pdf2.png\" alt=\"\" width=\"31\" height=\"33\" \/><\/a><\/span><\/td> <\/tr> <tr> <td style=\"width: 50%;\"><span style=\"color: #000000;\">IMPLADI<\/span><\/td> <td style=\"width: 50%; text-align: center;\"><span style=\"color: #000000;\"><a style=\"color: #000000;\" href=\"https:\/\/tepeaca.gob.mx\/site\/wp-content\/uploads\/2024\/08\/IMPLADI.pdf\" target=\"_blank\" rel=\"noopener\"><img loading=\"lazy\" decoding=\"async\" class=\"aligncenter wp-image-744 size-full\" src=\"https:\/\/tepeaca.gob.mx\/site\/wp-content\/uploads\/2019\/05\/ico-pdf2.png\" alt=\"\" width=\"31\" height=\"33\" \/><\/a><\/span><\/td> <\/tr> <tr> <td style=\"width: 50%;\"><span style=\"color: #000000;\">Jefatura de Gabinete<\/span><\/td> <td style=\"width: 50%; text-align: center;\"><span style=\"color: #000000;\"><a style=\"color: #000000;\" href=\"https:\/\/tepeaca.gob.mx\/site\/wp-content\/uploads\/2024\/08\/Jefatura-de-Gabinete.pdf\" target=\"_blank\" rel=\"noopener\"><img loading=\"lazy\" decoding=\"async\" class=\"aligncenter wp-image-744 size-full\" src=\"https:\/\/tepeaca.gob.mx\/site\/wp-content\/uploads\/2019\/05\/ico-pdf2.png\" alt=\"\" width=\"31\" height=\"33\" \/><\/a><\/span><\/td> <\/tr> <tr> <td style=\"width: 50%;\"><span style=\"color: #000000;\">Secretaria de Ayuntamiento<\/span><\/td> <td style=\"width: 50%; text-align: center;\"><span style=\"color: #000000;\"><a style=\"color: #000000;\" href=\"https:\/\/tepeaca.gob.mx\/site\/wp-content\/uploads\/2024\/08\/Secretaria-de-Ayuntamiento.pdf\" target=\"_blank\" rel=\"noopener\"><img loading=\"lazy\" decoding=\"async\" class=\"aligncenter wp-image-744 size-full\" src=\"https:\/\/tepeaca.gob.mx\/site\/wp-content\/uploads\/2019\/05\/ico-pdf2.png\" alt=\"\" width=\"31\" height=\"33\" \/><\/a><\/span><\/td> <\/tr> <tr> <td style=\"width: 50%;\"><span style=\"color: #000000;\">Secretaria de Gobernaci\u00f3n<\/span><\/td> <td style=\"width: 50%; text-align: center;\"><span style=\"color: #000000;\"><a style=\"color: #000000;\" href=\"https:\/\/tepeaca.gob.mx\/site\/wp-content\/uploads\/2024\/08\/Secretaria-de-Gobernacion.pdf\" target=\"_blank\" rel=\"noopener\"><img loading=\"lazy\" decoding=\"async\" class=\"aligncenter wp-image-744 size-full\" src=\"https:\/\/tepeaca.gob.mx\/site\/wp-content\/uploads\/2019\/05\/ico-pdf2.png\" alt=\"\" width=\"31\" height=\"33\" \/><\/a><\/span><\/td> <\/tr> <tr> <td style=\"width: 50%;\"><span style=\"color: #000000;\">Secretaria de Obras P\u00fablicas<\/span><\/td> <td style=\"width: 50%; text-align: center;\"><span style=\"color: #000000;\"><a style=\"color: #000000;\" href=\"https:\/\/tepeaca.gob.mx\/site\/wp-content\/uploads\/2024\/08\/Secretaria-de-Obras-Publicas.pdf\" target=\"_blank\" rel=\"noopener\"><img loading=\"lazy\" decoding=\"async\" class=\"aligncenter wp-image-744 size-full\" src=\"https:\/\/tepeaca.gob.mx\/site\/wp-content\/uploads\/2019\/05\/ico-pdf2.png\" alt=\"\" width=\"31\" height=\"33\" \/><\/a><\/span><\/td> <\/tr> <tr> <td style=\"width: 50%;\"><span style=\"color: #000000;\">Secretaria de Seguridad P\u00fablica y Tr\u00e1nsito<\/span><\/td> <td style=\"width: 50%; text-align: center;\"><span style=\"color: #000000;\"><a style=\"color: #000000;\" href=\"https:\/\/tepeaca.gob.mx\/site\/wp-content\/uploads\/2024\/08\/Secretaria-de-Seguridad-Publica-y-Transito.pdf\" target=\"_blank\" rel=\"noopener\"><img loading=\"lazy\" decoding=\"async\" class=\"aligncenter wp-image-744 size-full\" src=\"https:\/\/tepeaca.gob.mx\/site\/wp-content\/uploads\/2019\/05\/ico-pdf2.png\" alt=\"\" width=\"31\" height=\"33\" \/><\/a><\/span><\/td> <\/tr> <tr> <td style=\"width: 50%;\"><span style=\"color: #000000;\">Tesorer\u00eda Municipal<\/span><\/td> <td style=\"width: 50%; text-align: center;\"><span style=\"color: #000000;\"><a style=\"color: #000000;\" href=\"https:\/\/tepeaca.gob.mx\/site\/wp-content\/uploads\/2024\/08\/Tesoreria-Municipal.pdf\" target=\"_blank\" rel=\"noopener\"><img loading=\"lazy\" decoding=\"async\" class=\"aligncenter wp-image-744 size-full\" src=\"https:\/\/tepeaca.gob.mx\/site\/wp-content\/uploads\/2019\/05\/ico-pdf2.png\" alt=\"\" width=\"31\" height=\"33\" \/><\/a><\/span><\/td> <\/tr> <tr> <td style=\"width: 50%;\"><span style=\"color: #000000;\">Unidad de Transparencia y Acceso a la Informaci\u00f3n P\u00fablica<\/span><\/td> <td style=\"width: 50%; text-align: center;\"><span style=\"color: #000000;\"><a style=\"color: #000000;\" href=\"https:\/\/tepeaca.gob.mx\/site\/wp-content\/uploads\/2024\/08\/Unidad-de-Transparencia-y-Acceso-a-la-Informacion-Publica.pdf\" target=\"_blank\" rel=\"noopener\"><img loading=\"lazy\" decoding=\"async\" class=\"aligncenter wp-image-744 size-full\" src=\"https:\/\/tepeaca.gob.mx\/site\/wp-content\/uploads\/2019\/05\/ico-pdf2.png\" alt=\"\" width=\"31\" height=\"33\" \/><\/a><\/span><\/td> <\/tr> <tr> <td style=\"width: 50%;\"><span style=\"color: #000000;\">Manual de Organizaci\u00f3n del \u00d3rgano Interno de Control<\/span><\/td> <td style=\"width: 50%; text-align: center;\"><span style=\"color: #000000;\"><a style=\"color: #000000;\" href=\"https:\/\/tepeaca.gob.mx\/site\/wp-content\/uploads\/2024\/09\/M.O.-del-Organo-Interno-de-Control.pdf\" target=\"_blank\" rel=\"noopener\"><img loading=\"lazy\" decoding=\"async\" class=\"aligncenter wp-image-744 size-full\" src=\"https:\/\/tepeaca.gob.mx\/site\/wp-content\/uploads\/2019\/05\/ico-pdf2.png\" alt=\"\" width=\"31\" height=\"33\" \/><\/a><\/span><\/td> <\/tr> <tr> <td style=\"width: 50%;\"><span style=\"color: #000000;\">Manual de Organizaci\u00f3n de la Direcci\u00f3n Jur\u00eddica<\/span><\/td> <td style=\"width: 50%; text-align: center;\"><span style=\"color: #000000;\"><a style=\"color: #000000;\" href=\"https:\/\/tepeaca.gob.mx\/site\/wp-content\/uploads\/2024\/09\/M.-Organizacion-de-la-Direccion-Juridica.pdf\" target=\"_blank\" rel=\"noopener\"><img loading=\"lazy\" decoding=\"async\" class=\"aligncenter wp-image-744 size-full\" src=\"https:\/\/tepeaca.gob.mx\/site\/wp-content\/uploads\/2019\/05\/ico-pdf2.png\" alt=\"\" width=\"31\" height=\"33\" \/><\/a><\/span><\/td> <\/tr> <tr> <td style=\"width: 50%;\"><span style=\"color: #000000;\">Manual de Organizaci\u00f3n de Sindicatura Municipal<\/span><\/td> <td style=\"width: 50%; text-align: center;\"><span style=\"color: #000000;\"><a style=\"color: #000000;\" href=\"https:\/\/tepeaca.gob.mx\/site\/wp-content\/uploads\/2024\/10\/Manual-de-Organizacion-de-Sindicatura-Municipal.pdf\" target=\"_blank\" rel=\"noopener\"><img loading=\"lazy\" decoding=\"async\" class=\"aligncenter wp-image-744 size-full\" src=\"https:\/\/tepeaca.gob.mx\/site\/wp-content\/uploads\/2019\/05\/ico-pdf2.png\" alt=\"\" width=\"31\" height=\"33\" \/><\/a><\/span><\/td> <\/tr> <\/tbody> <\/table> <p>&nbsp;<\/p> <\/div><\/div><div class=\"ctu-ultimate-style-61-content\">\n                                        <div class=\"ctu-ultimate-style-heading-61 vc-tabs-li-61-id-215\" ref=\"#ctu-ulitate-style-61-id-215\"> \n                                            MANUALES DE PROCEDIMIENTO\n                                        <\/div>\n                                        <div class=\"ctu-ulitate-style-61-tabs \" id=\"ctu-ulitate-style-61-id-215\">\n                                            <table style=\"border-collapse: collapse; width: 100%;\" border=\"1\"> <tbody> <tr> <td style=\"width: 50%;\"><span style=\"color: #000000;\">Manual Proc. Direcci\u00f3n de Obras P\u00fablicas<\/span><\/td> <td style=\"width: 50%; text-align: center;\"><span style=\"color: #000000;\"><a style=\"color: #000000;\" href=\"https:\/\/tepeaca.gob.mx\/site\/wp-content\/uploads\/2024\/08\/Manual-Proc.-Direccion-de-Obras-Publicas_Firmado.pdf\" target=\"_blank\" rel=\"noopener\"><img loading=\"lazy\" decoding=\"async\" class=\"aligncenter wp-image-744 size-full\" src=\"https:\/\/tepeaca.gob.mx\/site\/wp-content\/uploads\/2019\/05\/ico-pdf2.png\" alt=\"\" width=\"31\" height=\"33\" \/><\/a><\/span><\/td> <\/tr> <tr> <td style=\"width: 50%;\"><span style=\"color: #000000;\">Manual Proc. Direcci\u00f3n de Sustentabilidad y Desarrollo Urbano\u00a0<\/span><\/td> <td style=\"width: 50%; text-align: center;\"><span style=\"color: #000000;\"><a style=\"color: #000000;\" href=\"https:\/\/tepeaca.gob.mx\/site\/wp-content\/uploads\/2024\/08\/Manual-Proc.-Direccion-de-Sustentabilidad-y-Desarrollo-Urbano_Firmado.pdf\" target=\"_blank\" rel=\"noopener\"><img loading=\"lazy\" decoding=\"async\" class=\"aligncenter wp-image-744 size-full\" src=\"https:\/\/tepeaca.gob.mx\/site\/wp-content\/uploads\/2019\/05\/ico-pdf2.png\" alt=\"\" width=\"31\" height=\"33\" \/><\/a><\/span><\/td> <\/tr> <tr> <td style=\"width: 50%;\"><span style=\"color: #000000;\">Manual Proc. Direcci\u00f3n de Turismo<\/span><\/td> <td style=\"width: 50%; text-align: center;\"><span style=\"color: #000000;\"><a style=\"color: #000000;\" href=\"https:\/\/tepeaca.gob.mx\/site\/wp-content\/uploads\/2024\/08\/Manual-Proc.-Direccion-de-Turismo_Firmado.pdf\" target=\"_blank\" rel=\"noopener\"><img loading=\"lazy\" decoding=\"async\" class=\"aligncenter wp-image-744 size-full\" src=\"https:\/\/tepeaca.gob.mx\/site\/wp-content\/uploads\/2019\/05\/ico-pdf2.png\" alt=\"\" width=\"31\" height=\"33\" \/><\/a><\/span><\/td> <\/tr> <tr> <td style=\"width: 50%;\"><span style=\"color: #000000;\">Manual Proc. Direcci\u00f3n General de Servicios P\u00fablicos Municipales<\/span><\/td> <td style=\"width: 50%; text-align: center;\"><span style=\"color: #000000;\"><a style=\"color: #000000;\" href=\"https:\/\/tepeaca.gob.mx\/site\/wp-content\/uploads\/2024\/08\/Manual-Proc.-Direccion-General-de-Servicios-Publicos-Municipales_Firmado.pdf\" target=\"_blank\" rel=\"noopener\"><img loading=\"lazy\" decoding=\"async\" class=\"aligncenter wp-image-744 size-full\" src=\"https:\/\/tepeaca.gob.mx\/site\/wp-content\/uploads\/2019\/05\/ico-pdf2.png\" alt=\"\" width=\"31\" height=\"33\" \/><\/a><\/span><\/td> <\/tr> <tr> <td style=\"width: 50%;\"><span style=\"color: #000000;\">Manual Proc. Jefatura de Gabinete<\/span><\/td> <td style=\"width: 50%; text-align: center;\"><span style=\"color: #000000;\"><a style=\"color: #000000;\" href=\"https:\/\/tepeaca.gob.mx\/site\/wp-content\/uploads\/2024\/08\/Manual-Proc.-Jefatura-de-Gabinete_Firmado.pdf\" target=\"_blank\" rel=\"noopener\"><img loading=\"lazy\" decoding=\"async\" class=\"aligncenter wp-image-744 size-full\" src=\"https:\/\/tepeaca.gob.mx\/site\/wp-content\/uploads\/2019\/05\/ico-pdf2.png\" alt=\"\" width=\"31\" height=\"33\" \/><\/a><\/span><\/td> <\/tr> <tr> <td style=\"width: 50%;\"><span style=\"color: #000000;\">Manual Proc. Secretaria de Gobernaci\u00f3n<\/span><\/td> <td style=\"width: 50%; text-align: center;\"><span style=\"color: #000000;\"><a style=\"color: #000000;\" href=\"https:\/\/tepeaca.gob.mx\/site\/wp-content\/uploads\/2024\/08\/Manual-Proc.-Secretaria-de-Gobernacion_Firmado.pdf\" target=\"_blank\" rel=\"noopener\"><img loading=\"lazy\" decoding=\"async\" class=\"aligncenter wp-image-744 size-full\" src=\"https:\/\/tepeaca.gob.mx\/site\/wp-content\/uploads\/2019\/05\/ico-pdf2.png\" alt=\"\" width=\"31\" height=\"33\" \/><\/a><\/span><\/td> <\/tr> <tr> <td style=\"width: 50%;\"><span style=\"color: #000000;\">Manual Proc. Secretaria del Ayuntamiento<\/span><\/td> <td style=\"width: 50%; text-align: center;\"><span style=\"color: #000000;\"><a style=\"color: #000000;\" href=\"https:\/\/tepeaca.gob.mx\/site\/wp-content\/uploads\/2024\/08\/Manual-Proc.-Secretaria-del-Ayuntamiento_Firmado.pdf\" target=\"_blank\" rel=\"noopener\"><img loading=\"lazy\" decoding=\"async\" class=\"aligncenter wp-image-744 size-full\" src=\"https:\/\/tepeaca.gob.mx\/site\/wp-content\/uploads\/2019\/05\/ico-pdf2.png\" alt=\"\" width=\"31\" height=\"33\" \/><\/a><\/span><\/td> <\/tr> <tr> <td style=\"width: 50%;\"><span style=\"color: #000000;\">Manual Proc. Unidad de Transparencia y Acceso a la Informaci\u00f3n P\u00fablica<\/span><\/td> <td style=\"width: 50%; text-align: center;\"><span style=\"color: #000000;\"><a style=\"color: #000000;\" href=\"https:\/\/tepeaca.gob.mx\/site\/wp-content\/uploads\/2024\/08\/Manual-Proc.-Unidad-de-Transparencia-y-Acceso-a-la-Informacion-Publica_Firmado.pdf\" target=\"_blank\" rel=\"noopener\"><img loading=\"lazy\" decoding=\"async\" class=\"aligncenter wp-image-744 size-full\" src=\"https:\/\/tepeaca.gob.mx\/site\/wp-content\/uploads\/2019\/05\/ico-pdf2.png\" alt=\"\" width=\"31\" height=\"33\" \/><\/a><\/span><\/td> <\/tr> <tr> <td style=\"width: 50%;\"><span style=\"color: #000000;\">Manual Proc. Coordinaci\u00f3n de Bienestar<\/span><\/td> <td style=\"width: 50%; text-align: center;\"><span style=\"color: #000000;\"><a style=\"color: #000000;\" href=\"https:\/\/tepeaca.gob.mx\/site\/wp-content\/uploads\/2024\/08\/Manual-Proc.-Coordinacion-de-Bienestar_Firmado.pdf\" target=\"_blank\" rel=\"noopener\"><img loading=\"lazy\" decoding=\"async\" class=\"aligncenter wp-image-744 size-full\" src=\"https:\/\/tepeaca.gob.mx\/site\/wp-content\/uploads\/2019\/05\/ico-pdf2.png\" alt=\"\" width=\"31\" height=\"33\" \/><\/a><\/span><\/td> <\/tr> <tr> <td style=\"width: 50%;\"><span style=\"color: #000000;\">Manual Proc. Coordinacion de Comunicaci\u00f3n Social<\/span><\/td> <td style=\"width: 50%; text-align: center;\"><span style=\"color: #000000;\"><a style=\"color: #000000;\" href=\"https:\/\/tepeaca.gob.mx\/site\/wp-content\/uploads\/2024\/08\/Manual-Proc.-Coordinacion-de-Comunicacion-Social.pdf\" target=\"_blank\" rel=\"noopener\"><img loading=\"lazy\" decoding=\"async\" class=\"aligncenter wp-image-744 size-full\" src=\"https:\/\/tepeaca.gob.mx\/site\/wp-content\/uploads\/2019\/05\/ico-pdf2.png\" alt=\"\" width=\"31\" height=\"33\" \/><\/a><\/span><\/td> <\/tr> <tr> <td style=\"width: 50%;\"><span style=\"color: #000000;\">Manual Proc. de la Secretaria de Seguridad P\u00fablica y Tr\u00e1nsito<\/span><\/td> <td style=\"width: 50%; text-align: center;\"><span style=\"color: #000000;\"><a style=\"color: #000000;\" href=\"https:\/\/tepeaca.gob.mx\/site\/wp-content\/uploads\/2024\/08\/Manual-Proc.-de-la-Secretaria-de-Seguridad-Publica-y-Transito.pdf\" target=\"_blank\" rel=\"noopener\"><img loading=\"lazy\" decoding=\"async\" class=\"aligncenter wp-image-744 size-full\" src=\"https:\/\/tepeaca.gob.mx\/site\/wp-content\/uploads\/2019\/05\/ico-pdf2.png\" alt=\"\" width=\"31\" height=\"33\" \/><\/a><\/span><\/td> <\/tr> <tr> <td style=\"width: 50%;\"><span style=\"color: #000000;\">Manual Proc. de la Tesorer\u00eda Municipal<\/span><\/td> <td style=\"width: 50%; text-align: center;\"><span style=\"color: #000000;\"><a style=\"color: #000000;\" href=\"https:\/\/tepeaca.gob.mx\/site\/wp-content\/uploads\/2024\/08\/Manual-Proc.-de-la-Tesoreria-Municipal.pdf\" target=\"_blank\" rel=\"noopener\"><img loading=\"lazy\" decoding=\"async\" class=\"aligncenter wp-image-744 size-full\" src=\"https:\/\/tepeaca.gob.mx\/site\/wp-content\/uploads\/2019\/05\/ico-pdf2.png\" alt=\"\" width=\"31\" height=\"33\" \/><\/a><\/span><\/td> <\/tr> <tr> <td style=\"width: 50%;\"><span style=\"color: #000000;\">Manual Proc. Direcci\u00f3n de Cultura<\/span><\/td> <td style=\"width: 50%; text-align: center;\"><span style=\"color: #000000;\"><a style=\"color: #000000;\" href=\"https:\/\/tepeaca.gob.mx\/site\/wp-content\/uploads\/2024\/08\/Manual-Proc.-Direccion-de-Cultura_Firmado.pdf\" target=\"_blank\" rel=\"noopener\"><img loading=\"lazy\" decoding=\"async\" class=\"aligncenter wp-image-744 size-full\" src=\"https:\/\/tepeaca.gob.mx\/site\/wp-content\/uploads\/2019\/05\/ico-pdf2.png\" alt=\"\" width=\"31\" height=\"33\" \/><\/a><\/span><\/td> <\/tr> <tr> <td style=\"width: 50%;\"><span style=\"color: #000000;\">Manual Proc. Direcci\u00f3n de Desarrollo Econ\u00f3mico<\/span><\/td> <td style=\"width: 50%; text-align: center;\"><span style=\"color: #000000;\"><a style=\"color: #000000;\" href=\"https:\/\/tepeaca.gob.mx\/site\/wp-content\/uploads\/2024\/08\/Manual-Proc.-Direccion-de-Desarrollo-Economico_Firmado.pdf\" target=\"_blank\" rel=\"noopener\"><img loading=\"lazy\" decoding=\"async\" class=\"aligncenter wp-image-744 size-full\" src=\"https:\/\/tepeaca.gob.mx\/site\/wp-content\/uploads\/2019\/05\/ico-pdf2.png\" alt=\"\" width=\"31\" height=\"33\" \/><\/a><\/span><\/td> <\/tr> <tr> <td style=\"width: 50%;\"><span style=\"color: #000000;\">Manual Proc. Direcci\u00f3n de Desarrollo Integral de la Familia<\/span><\/td> <td style=\"width: 50%; text-align: center;\"><span style=\"color: #000000;\"><a style=\"color: #000000;\" href=\"https:\/\/tepeaca.gob.mx\/site\/wp-content\/uploads\/2024\/08\/Manual-Proc.-Direccion-de-Desarrollo-Integral-de-la-Familia_Firmado.pdf\" target=\"_blank\" rel=\"noopener\"><img loading=\"lazy\" decoding=\"async\" class=\"aligncenter wp-image-744 size-full\" src=\"https:\/\/tepeaca.gob.mx\/site\/wp-content\/uploads\/2019\/05\/ico-pdf2.png\" alt=\"\" width=\"31\" height=\"33\" \/><\/a><\/span><\/td> <\/tr> <tr> <td style=\"width: 50%;\"><span style=\"color: #000000;\">Manual de Procedimientos de la Direcci\u00f3n Jur\u00eddica<\/span><\/td> <td style=\"width: 50%; text-align: center;\"><span style=\"color: #000000;\"><a style=\"color: #000000;\" href=\"https:\/\/tepeaca.gob.mx\/site\/wp-content\/uploads\/2024\/09\/Man.-Proce.-de-la-Direccion-Juridica.pdf\" target=\"_blank\" rel=\"noopener\"><img loading=\"lazy\" decoding=\"async\" class=\"aligncenter wp-image-744 size-full\" src=\"https:\/\/tepeaca.gob.mx\/site\/wp-content\/uploads\/2019\/05\/ico-pdf2.png\" alt=\"\" width=\"31\" height=\"33\" \/><\/a><\/span><\/td> <\/tr> <tr> <td style=\"width: 50%;\"><span style=\"color: #000000;\">Manual de Procedimientos del \u00d3rgano Interno de Control<\/span><\/td> <td style=\"width: 50%; text-align: center;\"><span style=\"color: #000000;\"><a style=\"color: #000000;\" href=\"https:\/\/tepeaca.gob.mx\/site\/wp-content\/uploads\/2024\/09\/Man.-de-Proce.-del-Organo-Interno-de-Control.pdf\" target=\"_blank\" rel=\"noopener\"><img loading=\"lazy\" decoding=\"async\" class=\"aligncenter wp-image-744 size-full\" src=\"https:\/\/tepeaca.gob.mx\/site\/wp-content\/uploads\/2019\/05\/ico-pdf2.png\" alt=\"\" width=\"31\" height=\"33\" \/><\/a><\/span><\/td> <\/tr> <tr> <td style=\"width: 50%;\"><span style=\"color: #000000;\">Manual de Procedimientos de Sindicatura Municipal<\/span><\/td> <td style=\"width: 50%; text-align: center;\"><span style=\"color: #000000;\"><a style=\"color: #000000;\" href=\"https:\/\/tepeaca.gob.mx\/site\/wp-content\/uploads\/2024\/10\/Manual-de-Procedimientos-de-Sindicatura-Municipal.pdf\" target=\"_blank\" rel=\"noopener\"><img loading=\"lazy\" decoding=\"async\" class=\"aligncenter wp-image-744 size-full\" src=\"https:\/\/tepeaca.gob.mx\/site\/wp-content\/uploads\/2019\/05\/ico-pdf2.png\" alt=\"\" width=\"31\" height=\"33\" \/><\/a><\/span><\/td> <\/tr> <\/tbody> <\/table> <p>&nbsp;<\/p> <\/div><\/div><div class=\"ctu-ultimate-style-61-content\">\n                                        <div class=\"ctu-ultimate-style-heading-61 vc-tabs-li-61-id-285\" ref=\"#ctu-ulitate-style-61-id-285\"> \n                                            MANUAL DE CONTABILIDAD\n                                        <\/div>\n                                        <div class=\"ctu-ulitate-style-61-tabs \" id=\"ctu-ulitate-style-61-id-285\">\n                                            <table style=\"border-collapse: collapse; width: 100%;\" border=\"1\"> <tbody> <tr> <td style=\"width: 50%;\"><span style=\"color: #000000;\">MANUAL DE CONTABILIDAD 2024-2027<\/span><\/td> <td style=\"width: 50%; text-align: center;\"><a href=\"https:\/\/tepeaca.gob.mx\/site\/wp-content\/uploads\/2025\/11\/MANUAL-DE-CONTABILIDAD-2024-2027.pdf\"><span style=\"color: #000000;\"><img loading=\"lazy\" decoding=\"async\" class=\"aligncenter wp-image-744 size-full\" src=\"https:\/\/tepeaca.gob.mx\/site\/wp-content\/uploads\/2019\/05\/ico-pdf2.png\" alt=\"\" width=\"31\" height=\"33\" \/><\/span><\/a><\/td> <\/tr> <\/tbody> <\/table> <p>&nbsp;<\/p> <\/div><\/div><\/div><\/div>\n\n\n\n<p><\/p>\n","protected":false},"excerpt":{"rendered":"","protected":false},"author":5,"featured_media":0,"parent":1397,"menu_order":5,"comment_status":"closed","ping_status":"closed","template":"","meta":{"footnotes":""},"class_list":["post-2716","page","type-page","status-publish","hentry"],"_links":{"self":[{"href":"https:\/\/tepeaca.gob.mx\/site\/wp-json\/wp\/v2\/pages\/2716","targetHints":{"allow":["GET"]}}],"collection":[{"href":"https:\/\/tepeaca.gob.mx\/site\/wp-json\/wp\/v2\/pages"}],"about":[{"href":"https:\/\/tepeaca.gob.mx\/site\/wp-json\/wp\/v2\/types\/page"}],"author":[{"embeddable":true,"href":"https:\/\/tepeaca.gob.mx\/site\/wp-json\/wp\/v2\/users\/5"}],"replies":[{"embeddable":true,"href":"https:\/\/tepeaca.gob.mx\/site\/wp-json\/wp\/v2\/comments?post=2716"}],"version-history":[{"count":4,"href":"https:\/\/tepeaca.gob.mx\/site\/wp-json\/wp\/v2\/pages\/2716\/revisions"}],"predecessor-version":[{"id":4944,"href":"https:\/\/tepeaca.gob.mx\/site\/wp-json\/wp\/v2\/pages\/2716\/revisions\/4944"}],"up":[{"embeddable":true,"href":"https:\/\/tepeaca.gob.mx\/site\/wp-json\/wp\/v2\/pages\/1397"}],"wp:attachment":[{"href":"https:\/\/tepeaca.gob.mx\/site\/wp-json\/wp\/v2\/media?parent=2716"}],"curies":[{"name":"wp","href":"https:\/\/api.w.org\/{rel}","templated":true}]}}