{"id":1597,"date":"2020-01-09T23:49:19","date_gmt":"2020-01-09T23:49:19","guid":{"rendered":"http:\/\/tepeaca.gob.mx\/site\/?page_id=1597"},"modified":"2023-01-27T18:05:44","modified_gmt":"2023-01-27T18:05:44","slug":"registro-civil","status":"publish","type":"page","link":"https:\/\/tepeaca.gob.mx\/site\/tramites-y-servicios\/registro-civil\/","title":{"rendered":"Registro Civil"},"content":{"rendered":"\n<table id=\"tablepress-32\" class=\"tablepress tablepress-id-32\">\n<tbody class=\"row-striping row-hover\">\n<tr class=\"row-1\">\n\t<td class=\"column-1\"><CENTER><strong><H5>REQUISITOS DE REGISTRO DE NACIMIENTO DE MENOR<\/H5><\/strong><\/CENTER><br \/>\n<strong>REQUISITOS:<\/strong><\/td>\n<\/tr>\n<tr class=\"row-2\">\n\t<td class=\"column-1\">\u2022 Certificado de nacimiento Original o Constancia de Hechos expedida por el Agente Subalterno o Agente Investigador.<br \/>\n\u2022 Copia de acta de nacimiento e INE de los padres.<br \/>\n\u2022 Comparecencia de dos testigos, con copia de INE (no podr\u00e1n ser los abuelos del ni\u00f1o(a) a registrar).<br \/>\n\u2022 Si el ni\u00f1o naci\u00f3 en otro estado y tiene 6 meses deber\u00e1 presentar constancia de inexistencia vigente del estado correspondiente al nacimiento.<br \/>\n\u2022 Si el ni\u00f1o naci\u00f3 en otro municipio y tiene 1 a\u00f1o, deber\u00e1 presentar constancia de inexistencia vigente del municipio correspondiente al nacimiento.<br \/>\n\u2022 Si el ni\u00f1o naci\u00f3 en el extranjero, deber\u00e1 presentar acta de nacimiento apostillada y traducida por un perito autorizado por la direcci\u00f3n del registro civil del estado.<br \/>\n<\/td>\n<\/tr>\n<\/tbody>\n<\/table>\n<!-- #tablepress-32 from cache -->\n\n\n\n<table id=\"tablepress-33\" class=\"tablepress tablepress-id-33\">\n<tbody class=\"row-striping row-hover\">\n<tr class=\"row-1\">\n\t<td class=\"column-1\"><CENTER><strong><H5>REQUISITOS DE REGISTRO EXTEMPOR\u00c1NEO<\/H5><\/strong><\/CENTER><br \/>\n<strong>REQUISITOS:<\/strong><\/td>\n<\/tr>\n<tr class=\"row-2\">\n\t<td class=\"column-1\">\u2022 Resoluci\u00f3n de registro extempor\u00e1neo de personas mayores de 18 a\u00f1os, expedido por la Direcci\u00f3n de Registro Civil del estado de Puebla.<br \/>\n\u2022 Acta de Nacimiento e INE de Padres. <br \/>\n\u2022 2 testigos con copia de identificaci\u00f3n (INE).<br \/>\n\u2022 En caso de no comparecer los padres, deber\u00e1 comparecer persona distinta presentando Identificaci\u00f3n Oficial (INE).<br \/>\n<br \/>\n<strong>EL TIEMPO DE ENTREGA DEL ACTA ES DE 24 HORAS, DESPU\u00c9S DE HABER REALIZADO EL TR\u00c1MITE.<\/strong><\/td>\n<\/tr>\n<\/tbody>\n<\/table>\n<!-- #tablepress-33 from cache -->\n\n\n\n<table id=\"tablepress-34\" class=\"tablepress tablepress-id-34\">\n<tbody class=\"row-striping row-hover\">\n<tr class=\"row-1\">\n\t<td class=\"column-1\"><center><strong><h5>REQUISITOS DE RECONOCIMIENTO DE HIJOS<\/h5><\/strong><\/center><\/td>\n<\/tr>\n<tr class=\"row-2\">\n\t<td class=\"column-1\">\u2022 Registro de nacimiento (copia)<br \/>\n\u2022 Comparecencia del reconocedor(a).<br \/>\n\u2022 Acta de nacimiento e INE del reconocedor(a)(Copia).<br \/>\n\u2022 Cuando el reconocido sea menor de edad, comparecer\u00e1 la madre para dar autorizaci\u00f3n.<br \/>\n\u2022 2 testigos con copia de INE.<br \/>\n<br \/>\n<strong>EL TIEMPO DE ENTREGA DEL ACTA ES DE 24 HORAS, DESPU\u00c9S DE HABER REALIZADO EL TR\u00c1MITE.<\/strong><\/td>\n<\/tr>\n<\/tbody>\n<\/table>\n<!-- #tablepress-34 from cache -->\n\n\n\n<table id=\"tablepress-35\" class=\"tablepress tablepress-id-35\">\n<tbody class=\"row-striping row-hover\">\n<tr class=\"row-1\">\n\t<td class=\"column-1\"><center><strong><h5>REQUISITOS DE PRESENTACI\u00d3N MATRIMONIAL Y MATRIMONIO.<\/h5><\/strong><\/center><\/td>\n<\/tr>\n<tr class=\"row-2\">\n\t<td class=\"column-1\">\u2022 Acta de nacimiento e INE de los Contrayentes (Copia).<br \/>\n\u2022 An\u00e1lisis prenupciales certificados por un m\u00e9dico.<br \/>\n\u2022 4 testigos con INE (Copia), dos del contrayente y dos de la contrayente. <br \/>\n\u2022 Los testigos no pueden ser padres de los contrayentes.<br \/>\n<br \/>\n<strong>NOTA: La presentaci\u00f3n matrimonial se deber\u00e1 realizar 10 d\u00edas antes de la fecha de matrimonio; de lo contrario se pagar\u00e1 Dispensa de Publicaciones.<\/strong><\/td>\n<\/tr>\n<\/tbody>\n<\/table>\n<!-- #tablepress-35 from cache -->\n\n\n\n<table id=\"tablepress-36\" class=\"tablepress tablepress-id-36\">\n<tbody class=\"row-striping row-hover\">\n<tr class=\"row-1\">\n\t<td class=\"column-1\"><center><strong>REQUISITOS PARA REGISTRO DE ACTAS DE DEFUNCI\u00d3N<\/strong><\/center><\/td>\n<\/tr>\n<tr class=\"row-2\">\n\t<td class=\"column-1\">\u2022 En caso de muerte natural:                                                                              -Certificado de defunci\u00f3n (Original).                                         -Acta de nacimiento e INE del finado(a) (copia).                                                                        -INE del declarante (copia).                                                              -2 testigos con INE (copia).                                                        -Si el finado(a) fuese casado por lo civil presentar copia del acta de matrimonio.                                                               -CURP (copia).<br \/>\n\u2022 En caso de Inserciones:                                                       -Formato de defunci\u00f3n y Orden de Traslado originales del lugar de donde falleci\u00f3.<br \/>\n-Copia del INE del declarante y dos testigos. <br \/>\n\u2022 En caso de inserciones de Extranjero:                            -Acta de Defunci\u00f3n y Traslado apostillada y traducida por un perito autorizado.                                 -Copia de INE de declarante y dos testigos.<br \/>\n\u2022 En caso de muertes fetales:                                               -Certificado de defunci\u00f3n de muerte fetal.<br \/>\n-Copia del acta de nacimiento e INE de la madre.                                                                          -Copia de INE de declarante y dos testigos. <br \/>\n<br \/>\n\u2022 En Caso de defunciones de MP:                                       -Certificado de defunci\u00f3n.                                                -Oficio de MP (Ministerio P\u00fablico).                                                                     -Acta de nacimiento del finado.                                            -INE y CURP (copia).                                                                           -Acta de matrimonio (copia).                                                         -Copia del INE de declarante y dos testigos.    <br \/>\n-Constancia de Hechos por Agente Subalterno y\/o Agente Investigador. (En caso de haber pasado m\u00e1s de 48 horas despu\u00e9s del fallecimiento).<br \/>\n<br \/>\n<strong>\u00b0EL TIEMPO DE ENTREGA DE ACTAS DE DEFUNCI\u00d3N ES AL INSTANTE.<\/strong><br \/>\n<strong>\u00b0EN CASO DE INSERCIONES SE ENTREGAR\u00c1 24 HORAS DESPU\u00c9S DE HABER REALIZADO EL TR\u00c1MITE. <\/strong><br \/>\n<\/td>\n<\/tr>\n<\/tbody>\n<\/table>\n<!-- #tablepress-36 from cache -->\n\n\n\n<table id=\"tablepress-37\" class=\"tablepress tablepress-id-37\">\n<tbody class=\"row-striping row-hover\">\n<tr class=\"row-1\">\n\t<td class=\"column-1\"><center><strong><h5>REQUISITOS PARA LA EXPEDICI\u00d3N DE EXTRACTOS<\/h5><\/strong><\/center><\/td>\n<\/tr>\n<tr class=\"row-2\">\n\t<td class=\"column-1\">\u2022 Extracto de Defunci\u00f3n: Copia del Formato de defunci\u00f3n.<br \/>\n\u2022 Extracto de Nacimiento: Copia del acta de nacimiento o CURP.<br \/>\n\u2022 Extracto de Matrimonio: Copia del Acta de Matrimonio. <br \/>\n<br \/>\n<strong>Nota:<\/strong> En caso de no contar con alguno de los documentos solicitados, la b\u00fasqueda ser\u00e1 personal.<br \/>\n<br \/>\n<strong>EL TIEMPO DE ENTREGA DE EXTRACTOS, ES DE 24 HORAS, DESPU\u00c9S DE HABER REALIZADO EL TR\u00c1MITE. <\/strong><br \/>\n<strong>EN CASO DE CONTAR CON ANOTACI\u00d3N MARGINAL, SE ENTREGAR\u00c1 48 HORAS DESPU\u00c9S DE HABER REALIZADO EL TR\u00c1MITE. <\/strong><br \/>\n<\/td>\n<\/tr>\n<\/tbody>\n<\/table>\n<!-- #tablepress-37 from cache -->\n\n\n\n<table id=\"tablepress-38\" class=\"tablepress tablepress-id-38\">\n<tbody class=\"row-striping row-hover\">\n<tr class=\"row-1\">\n\t<td class=\"column-1\"><center><strong><h5>REQUISITOS PARA CONSTANCIAS<\/h5><\/strong><\/center><\/td>\n<\/tr>\n<tr class=\"row-2\">\n\t<td class=\"column-1\">\u2022 Constancia de inexistencia de nacimiento de menor:<br \/>\n-Copia del certificado de nacimiento o constancia de hechos por el agente subalterno.                                                            -Copia de acta de nacimiento e INE de los padres y nombre del menor. <br \/>\n\u2022 Constancia de inexistencia de mayores de 18 a\u00f1os:<br \/>\n     -Copia de F\u00e9 de Bautizo, o alg\u00fan otro documento con el que compruebe su identidad.<br \/>\n     -Datos de los padres (si viven o no) y origen del interesado.<br \/>\n\u2022 Constancia de no matrimonio:                       <br \/>\n-Copia del acta de nacimiento e INE del interesado. <br \/>\n\u2022 Constancia de extemporaneidad:                      <br \/>\n-Copia del acta de nacimiento e INE del interesado.<br \/>\n<br \/>\n<strong>EL TIEMPO DE ENTREGA DE CONSTANCIAS DE MENOR Y DE EXTEMPORANEIDAD ES DE 24 HORAS, DESPU\u00c9S DE HABER SOLICITADO EL TR\u00c1MITE. <br \/>\nEL TIEMPO DE ENTREGA DE CONSTANCIAS DE MAYOR DE 18 A\u00d1OS Y MATRIMONIO ES DE 20 D\u00cdAS H\u00c1BILES, DESPU\u00c9S DE HABER SOLICITADO EL TR\u00c1MITE. <\/strong><br \/>\n<\/td>\n<\/tr>\n<\/tbody>\n<\/table>\n<!-- #tablepress-38 from cache -->\n\n\n\n<table id=\"tablepress-39\" class=\"tablepress tablepress-id-39\">\n<tbody class=\"row-striping row-hover\">\n<tr class=\"row-1\">\n\t<td class=\"column-1\"><center><strong><h5>REQUISITOS PARA TR\u00c1MITE ALTA DE CURP<\/h5><\/strong><\/center><\/td>\n<\/tr>\n<tr class=\"row-2\">\n\t<td class=\"column-1\">\u2022 Acta de nacimiento original actualizada.   <br \/>\n\u2022 Carta de Naturalizaci\u00f3n (extranjero).<br \/>\n<br \/>\n<strong>EL TIEMPO DE ENTREGA DE ALTA DE CURP ES DE 24 HORAS, DESPU\u00c9S DE HABER SOLICITADO EL TR\u00c1MITE.<\/strong><\/td>\n<\/tr>\n<\/tbody>\n<\/table>\n<!-- #tablepress-39 from cache -->\n\n\n\n<p><center><h3><strong>Costos de los Tramites y Servicios<\/strong><\/h3><\/center><\/p>\n\n\n\n<div class=\"wp-block-image\"><figure class=\"aligncenter is-resized\"><img loading=\"lazy\" decoding=\"async\" src=\"https:\/\/tepeaca.gob.mx\/site\/wp-content\/uploads\/2023\/01\/11-01-23.png\" alt=\"\" class=\"wp-image-4202\" width=\"610\" height=\"476\" srcset=\"https:\/\/tepeaca.gob.mx\/site\/wp-content\/uploads\/2023\/01\/11-01-23.png 610w, https:\/\/tepeaca.gob.mx\/site\/wp-content\/uploads\/2023\/01\/11-01-23-300x234.png 300w, https:\/\/tepeaca.gob.mx\/site\/wp-content\/uploads\/2023\/01\/11-01-23-480x375.png 480w\" sizes=\"auto, (max-width: 610px) 100vw, 610px\" \/><\/figure><\/div>\n\n\n\n<p><\/p>\n","protected":false},"excerpt":{"rendered":"<p>Costos de los Tramites y Servicios<\/p>\n","protected":false},"author":5,"featured_media":0,"parent":1605,"menu_order":3,"comment_status":"closed","ping_status":"closed","template":"","meta":{"footnotes":""},"class_list":["post-1597","page","type-page","status-publish","hentry"],"_links":{"self":[{"href":"https:\/\/tepeaca.gob.mx\/site\/wp-json\/wp\/v2\/pages\/1597","targetHints":{"allow":["GET"]}}],"collection":[{"href":"https:\/\/tepeaca.gob.mx\/site\/wp-json\/wp\/v2\/pages"}],"about":[{"href":"https:\/\/tepeaca.gob.mx\/site\/wp-json\/wp\/v2\/types\/page"}],"author":[{"embeddable":true,"href":"https:\/\/tepeaca.gob.mx\/site\/wp-json\/wp\/v2\/users\/5"}],"replies":[{"embeddable":true,"href":"https:\/\/tepeaca.gob.mx\/site\/wp-json\/wp\/v2\/comments?post=1597"}],"version-history":[{"count":13,"href":"https:\/\/tepeaca.gob.mx\/site\/wp-json\/wp\/v2\/pages\/1597\/revisions"}],"predecessor-version":[{"id":4206,"href":"https:\/\/tepeaca.gob.mx\/site\/wp-json\/wp\/v2\/pages\/1597\/revisions\/4206"}],"up":[{"embeddable":true,"href":"https:\/\/tepeaca.gob.mx\/site\/wp-json\/wp\/v2\/pages\/1605"}],"wp:attachment":[{"href":"https:\/\/tepeaca.gob.mx\/site\/wp-json\/wp\/v2\/media?parent=1597"}],"curies":[{"name":"wp","href":"https:\/\/api.w.org\/{rel}","templated":true}]}}